{"id":1061,"date":"2021-09-13T11:44:55","date_gmt":"2021-09-13T09:44:55","guid":{"rendered":"https:\/\/sportips.fr\/presentation-course\/?page_id=1061"},"modified":"2021-09-13T11:45:48","modified_gmt":"2021-09-13T09:45:48","slug":"test","status":"publish","type":"page","link":"https:\/\/sportips.fr\/presentation-course\/test\/","title":{"rendered":"test"},"content":{"rendered":"<p>[vc_row bg_type=&#8221;image&#8221; parallax_style=&#8221;vcpb-default&#8221; bg_image_new=&#8221;id^138|url^http:\/\/sportips.fr\/presentation-course\/wp-content\/uploads\/2018\/09\/aperc\u0327u-visuelseulpanoramique.jpg|caption^null|alt^null|title^aperc\u0327u-visuelseulpanoramique|description^null&#8221; bg_image_repeat=&#8221;no-repeat&#8221; bg_override=&#8221;full&#8221; el_class=&#8221;section-header&#8221;][vc_column]<div id=\"ultimate-heading-43186a049f7f1eb10\" class=\"uvc-heading ult-adjust-bottom-margin ultimate-heading-43186a049f7f1eb10 uvc-2872 \" data-hspacer=\"line_only\"  data-halign=\"center\" style=\"text-align:center\"><div class=\"uvc-main-heading ult-responsive\"  data-ultimate-target='.uvc-heading.ultimate-heading-43186a049f7f1eb10 h1'  data-responsive-json-new='{\"font-size\":\"\",\"line-height\":\"\"}' ><h1 style=\"font-weight:bold;color:#000000;\">Volvic Volcanic Exp\u00e9rience #3<\/h1><\/div><div class=\"uvc-heading-spacer line_only\" style=\"topheight:4px;\"><span class=\"uvc-headings-line\" style=\"border-style:solid;border-bottom-width:4px;border-color:#dd9933;width:50px;\"><\/span><\/div><\/div>[vc_empty_space height=&#8221;50px&#8221;][vc_row_inner el_id=&#8221;row-liens-distances&#8221;][vc_column_inner width=&#8221;1\/6&#8243;][\/vc_column_inner][vc_column_inner width=&#8221;1\/6&#8243;][vc_btn title=&#8221;110 KM &#8221; style=&#8221;flat&#8221; color=&#8221;green&#8221; size=&#8221;lg&#8221; align=&#8221;center&#8221; i_align=&#8221;right&#8221; i_icon_fontawesome=&#8221;fa fa-play&#8221; add_icon=&#8221;true&#8221; button_block=&#8221;true&#8221;][\/vc_column_inner][vc_column_inner width=&#8221;1\/6&#8243;][vc_btn title=&#8221;43 KM &#8221; style=&#8221;classic&#8221; color=&#8221;chino&#8221; size=&#8221;lg&#8221; align=&#8221;center&#8221; i_align=&#8221;right&#8221; i_icon_fontawesome=&#8221;fa fa-play&#8221; add_icon=&#8221;true&#8221; button_block=&#8221;true&#8221;][\/vc_column_inner][vc_column_inner width=&#8221;1\/6&#8243;][vc_btn title=&#8221;25 KM &#8221; style=&#8221;classic&#8221; color=&#8221;chino&#8221; size=&#8221;lg&#8221; align=&#8221;center&#8221; i_align=&#8221;right&#8221; i_icon_fontawesome=&#8221;fa fa-play&#8221; add_icon=&#8221;true&#8221; button_block=&#8221;true&#8221;][\/vc_column_inner][vc_column_inner width=&#8221;1\/6&#8243;][vc_btn title=&#8221;15 KM &#8221; style=&#8221;classic&#8221; color=&#8221;chino&#8221; size=&#8221;lg&#8221; align=&#8221;center&#8221; i_align=&#8221;right&#8221; i_icon_fontawesome=&#8221;fa fa-play&#8221; add_icon=&#8221;true&#8221; button_block=&#8221;true&#8221;][\/vc_column_inner][vc_column_inner width=&#8221;1\/6&#8243;][\/vc_column_inner][\/vc_row_inner][vc_row_inner el_id=&#8221;row-liens-course&#8221;][vc_column_inner width=&#8221;1\/4&#8243;][vc_btn title=&#8221;Inscription&#8221; style=&#8221;classic&#8221; shape=&#8221;square&#8221; color=&#8221;green&#8221; size=&#8221;lg&#8221; align=&#8221;left&#8221; i_icon_fontawesome=&#8221;fa fa-pencil&#8221; link=&#8221;url:http%3A%2F%2Fsportips.fr%2Finscription.php||target:%20_blank|&#8221; add_icon=&#8221;true&#8221;][\/vc_column_inner][vc_column_inner width=&#8221;1\/4&#8243;][vc_btn title=&#8221;Site de l&#8217;\u00e9preuve&#8221; style=&#8221;classic&#8221; shape=&#8221;square&#8221; color=&#8221;green&#8221; size=&#8221;lg&#8221; align=&#8221;center&#8221; i_icon_fontawesome=&#8221;fa fa-desktop&#8221; link=&#8221;url:https%3A%2F%2Fwww.volvic-vvx.com%2F||target:%20_blank|&#8221; add_icon=&#8221;true&#8221;][\/vc_column_inner][vc_column_inner width=&#8221;1\/4&#8243;][vc_btn title=&#8221;Facebook&#8221; style=&#8221;classic&#8221; shape=&#8221;square&#8221; color=&#8221;green&#8221; size=&#8221;lg&#8221; align=&#8221;center&#8221; i_icon_fontawesome=&#8221;fa fa-facebook-square&#8221; link=&#8221;url:https%3A%2F%2Fwww.facebook.com%2Fvolvicvolcanicexperience%2F||target:%20_blank|&#8221; add_icon=&#8221;true&#8221;][\/vc_column_inner][vc_column_inner width=&#8221;1\/4&#8243;][vc_btn title=&#8221;Instagram&#8221; style=&#8221;classic&#8221; shape=&#8221;square&#8221; color=&#8221;green&#8221; size=&#8221;lg&#8221; align=&#8221;center&#8221; i_icon_fontawesome=&#8221;fa fa-instagram&#8221; link=&#8221;url:https%3A%2F%2Fwww.instagram.com%2Fvolvic_vvx%2F||target:%20_blank|&#8221; add_icon=&#8221;true&#8221;][\/vc_column_inner][\/vc_row_inner][\/vc_column][\/vc_row][vc_row animation=&#8221;fadeInUp&#8221; bg_type=&#8221;bg_color&#8221; bg_override=&#8221;full&#8221; bg_color_value=&#8221;#332929&#8243;][vc_column]<div id=\"ultimate-heading-15626a049f7f1eb8c\" class=\"uvc-heading ult-adjust-bottom-margin ultimate-heading-15626a049f7f1eb8c uvc-1484 \" data-hspacer=\"line_only\"  data-halign=\"center\" style=\"text-align:center\"><div class=\"uvc-main-heading ult-responsive\"  data-ultimate-target='.uvc-heading.ultimate-heading-15626a049f7f1eb8c h1'  data-responsive-json-new='{\"font-size\":\"\",\"line-height\":\"\"}' ><h1 style=\"font-weight:bold;color:#ffffff;\">110 KM<\/h1><\/div><div class=\"uvc-heading-spacer line_only\" style=\"topheight:4px;\"><span class=\"uvc-headings-line\" style=\"border-style:solid;border-bottom-width:4px;border-color:#dd9933;width:50px;\"><\/span><\/div><\/div>[vc_empty_space height=&#8221;50px&#8221;][vc_row_inner equal_height=&#8221;yes&#8221; el_id=&#8221;row-block-courses&#8221;][vc_column_inner el_class=&#8221;block-courses-container&#8221; width=&#8221;1\/4&#8243;][vc_column_text el_class=&#8221;block-courses&#8221;]<img loading=\"lazy\" class=\"alignnone wp-image-31 size-full\" src=\"http:\/\/sportips.fr\/presentation-course\/wp-content\/uploads\/2018\/09\/distance.png\" alt=\"\" width=\"30\" height=\"30\" \/><\/p>\n<p class=\"block-courses-titre\">Distance<\/p>\n<p class=\"block-courses-value\">110km<\/p>\n<p>[\/vc_column_text][\/vc_column_inner][vc_column_inner el_class=&#8221;block-courses-container&#8221; width=&#8221;1\/4&#8243;][vc_column_text el_class=&#8221;block-courses&#8221;]<img loading=\"lazy\" class=\"alignnone wp-image-29 size-full\" src=\"http:\/\/sportips.fr\/presentation-course\/wp-content\/uploads\/2018\/09\/deniv.png\" alt=\"\" width=\"30\" height=\"30\" \/><\/p>\n<p class=\"block-courses-titre\">D\u00e9nivel\u00e9<\/p>\n<p class=\"block-courses-value\">3500D+<\/p>\n<p>[\/vc_column_text][\/vc_column_inner][vc_column_inner el_class=&#8221;block-courses-container&#8221; width=&#8221;1\/4&#8243;][vc_column_text el_class=&#8221;block-courses&#8221;]<img loading=\"lazy\" class=\"alignnone size-full wp-image-36\" src=\"http:\/\/sportips.fr\/presentation-course\/wp-content\/uploads\/2018\/09\/hour.png\" alt=\"\" width=\"30\" height=\"30\" \/><\/p>\n<p class=\"block-courses-titre\">Temps limite<\/p>\n<p class=\"block-courses-value\">20h<\/p>\n<p>[\/vc_column_text][\/vc_column_inner][vc_column_inner el_class=&#8221;block-courses-container&#8221; width=&#8221;1\/4&#8243;][vc_column_text el_class=&#8221;block-courses&#8221;]<img loading=\"lazy\" class=\"alignnone wp-image-33 size-full\" src=\"http:\/\/sportips.fr\/presentation-course\/wp-content\/uploads\/2018\/09\/flag.png\" alt=\"\" width=\"30\" height=\"30\" \/><\/p>\n<p class=\"block-courses-titre\">D\u00e9part\/Arriv\u00e9e<\/p>\n<p class=\"block-courses-value\">Ancienne Usine Volvic<\/p>\n<p>[\/vc_column_text][\/vc_column_inner][\/vc_row_inner][vc_row_inner equal_height=&#8221;yes&#8221; el_id=&#8221;row-block-courses&#8221;][vc_column_inner el_class=&#8221;block-courses-container&#8221; width=&#8221;1\/4&#8243;][vc_column_text el_class=&#8221;block-courses&#8221;]<img loading=\"lazy\" class=\"alignnone wp-image-40 size-full\" src=\"http:\/\/sportips.fr\/presentation-course\/wp-content\/uploads\/2018\/09\/pizza.png\" alt=\"\" width=\"30\" height=\"30\" \/><\/p>\n<p class=\"block-courses-titre\">Ravitaillement<\/p>\n<p class=\"block-courses-value\">10<\/p>\n<p>[\/vc_column_text][\/vc_column_inner][vc_column_inner el_class=&#8221;block-courses-container&#8221; width=&#8221;1\/4&#8243;][vc_column_text el_class=&#8221;block-courses&#8221;]<img loading=\"lazy\" class=\"wp-image-67 alignright\" src=\"http:\/\/sportips.fr\/presentation-course\/wp-content\/uploads\/2018\/09\/utmb2018-300x300.png\" alt=\"\" width=\"91\" height=\"91\" srcset=\"https:\/\/sportips.fr\/presentation-course\/wp-content\/uploads\/2018\/09\/utmb2018-300x300.png 300w, https:\/\/sportips.fr\/presentation-course\/wp-content\/uploads\/2018\/09\/utmb2018-150x150.png 150w, https:\/\/sportips.fr\/presentation-course\/wp-content\/uploads\/2018\/09\/utmb2018.png 360w\" sizes=\"(max-width: 91px) 100vw, 91px\" \/><\/p>\n<p>&nbsp;<\/p>\n<p class=\"block-courses-titre\">UTMB<\/p>\n<p class=\"block-courses-value\">4 Points<\/p>\n<p>[\/vc_column_text][\/vc_column_inner][vc_column_inner el_class=&#8221;block-courses-container&#8221; width=&#8221;1\/4&#8243;][vc_column_text el_class=&#8221;block-courses&#8221;]<img loading=\"lazy\" class=\"alignnone wp-image-33 size-full\" src=\"http:\/\/sportips.fr\/presentation-course\/wp-content\/uploads\/2018\/09\/flag.png\" alt=\"\" width=\"30\" height=\"30\" \/><\/p>\n<p class=\"block-courses-titre\">D\u00e9part\/Arriv\u00e9e<\/p>\n<p class=\"block-courses-value\">Ancienne Usine Volvic<\/p>\n<p>[\/vc_column_text][\/vc_column_inner][vc_column_inner el_class=&#8221;block-courses-container&#8221; width=&#8221;1\/4&#8243;][vc_column_text el_class=&#8221;block-courses&#8221;]<img loading=\"lazy\" class=\"alignnone wp-image-24 size-full\" src=\"http:\/\/sportips.fr\/presentation-course\/wp-content\/uploads\/2018\/09\/arrival.png\" alt=\"\" width=\"30\" height=\"30\" \/><\/p>\n<p class=\"block-courses-titre\">Participants<\/p>\n<p class=\"block-courses-value\">400<\/p>\n<p>[\/vc_column_text][\/vc_column_inner][\/vc_row_inner][vc_empty_space height=&#8221;50px&#8221;][vc_row_inner el_id=&#8221;row-date&#8221;][vc_column_inner width=&#8221;1\/3&#8243;][\/vc_column_inner][vc_column_inner el_class=&#8221;block-date&#8221; width=&#8221;1\/3&#8243;][vc_column_text el_class=&#8221;block-date&#8221;]<\/p>\n<p style=\"text-align: center;\">31\/05\/2019<\/p>\n<p style=\"text-align: center;\">04h00<\/p>\n<p>[\/vc_column_text][\/vc_column_inner][vc_column_inner width=&#8221;1\/3&#8243;][\/vc_column_inner][\/vc_row_inner][vc_empty_space height=&#8221;50px&#8221;][vc_row_inner el_id=&#8221;row-download&#8221;][vc_column_inner width=&#8221;1\/6&#8243;][\/vc_column_inner][vc_column_inner width=&#8221;1\/6&#8243;][vc_column_text]ID du t\u00e9l\u00e9chargement invalide.[\/vc_column_text][\/vc_column_inner][vc_column_inner width=&#8221;1\/6&#8243;][vc_column_text]ID du t\u00e9l\u00e9chargement invalide.[\/vc_column_text][\/vc_column_inner][vc_column_inner width=&#8221;1\/6&#8243;][vc_column_text]ID du t\u00e9l\u00e9chargement invalide.[\/vc_column_text][\/vc_column_inner][vc_column_inner width=&#8221;1\/6&#8243;][vc_column_text]ID du t\u00e9l\u00e9chargement invalide.[\/vc_column_text][\/vc_column_inner][vc_column_inner width=&#8221;1\/6&#8243;][\/vc_column_inner][\/vc_row_inner][\/vc_column][\/vc_row][vc_row full_width=&#8221;true&#8221; padding_left=&#8221;10&#8243; padding_right=&#8221;10&#8243; bg_type=&#8221;image&#8221; parallax_style=&#8221;vcpb-vz-jquery&#8221; bg_image_new=&#8221;id^85|url^http:\/\/sportips.fr\/presentation-course\/wp-content\/uploads\/2018\/09\/Credit-photo-G-FAYET-Visuel-g\u00e9n\u00e9rique.jpg|caption^null|alt^null|title^Credit photo G FAYET &#8211; Visuel g\u00e9n\u00e9rique|description^null&#8221; bg_image_repeat=&#8221;no-repeat&#8221; bg_img_attach=&#8221;fixed&#8221; parallax_sense=&#8221;1.5&#8243; bg_override=&#8221;full&#8221;][vc_column][vc_row_inner el_id=&#8221;row-content&#8221; css=&#8221;.vc_custom_1536917465263{background-color: rgba(255,255,255,0.01) !important;*background-color: rgb(255,255,255) !important;}&#8221;][vc_column_inner width=&#8221;1\/6&#8243;][\/vc_column_inner][vc_column_inner el_class=&#8221;block-content&#8221; width=&#8221;2\/3&#8243;][vc_single_image image=&#8221;101&#8243; img_size=&#8221;300&#215;208&#8243; alignment=&#8221;center&#8221;][vc_empty_space height=&#8221;50px&#8221;]<div id=\"ultimate-heading-71776a049f7f1ef67\" class=\"uvc-heading ult-adjust-bottom-margin ultimate-heading-71776a049f7f1ef67 uvc-6953 \" data-hspacer=\"line_only\"  data-halign=\"left\" style=\"text-align:left\"><div class=\"uvc-main-heading ult-responsive\"  data-ultimate-target='.uvc-heading.ultimate-heading-71776a049f7f1ef67 h2'  data-responsive-json-new='{\"font-size\":\"desktop:20px;\",\"line-height\":\"\"}' ><h2 style=\"font-weight:bold;color:#0a0a0a;\">PRESENTATION<\/h2><\/div><div class=\"uvc-heading-spacer line_only\" style=\"margin-bottom:20px;height:3px;\"><span class=\"uvc-headings-line\" style=\"border-style:solid;border-bottom-width:3px;border-color:#dd9933;width:50px;\"><\/span><\/div><\/div>[vc_column_text]Trail au c\u0153ur des volcans d\u2019Auvergne\u00a0qui s\u2019adresse aux coureurs aguerris, propos\u00e9 \u00e9galement en formule relais duo et trio. Dessin\u00e9e tout autour de la Cha\u00eene des Puys, inscrite r\u00e9cemment au patrimoine mondial de l\u2019UNESCO, cette course propose une d\u00e9couverte in\u00e9dite de ce territoire d\u2019exception gr\u00e2ce \u00e0 un trac\u00e9 plut\u00f4t \u00e9quilibr\u00e9 et l\u2019ascension de plusieurs puys. Parmi ceux-l\u00e0, un passage au sommet du mythique Puy de D\u00f4me (altitude 1465m) est pr\u00e9vu pour le lever de soleil. Et pour cette troisi\u00e8me \u00e9dition de la VVX, le parcours r\u00e9servera quelques belles surprises avec un trac\u00e9 rallong\u00e9 \u00e0 110km pour explorer la partie Nord de la Cha\u00eene des Puys. Les 30 derniers kilom\u00e8tres sur les traces du Trail Exp\u00e9rience Impluvium de Volvic compl\u00e9teront ce magnifique voyage volcanique.<\/p>\n<p><strong>Accessible \u00e0 partir de 20 ans et plus<\/strong><\/p>\n<p><strong>Parcours certifi\u00e9 ITRA et course qualificative UTMB : 4 points en solo<\/strong><\/p>\n<p><strong><u>Formule relais duo :<\/u><\/strong><\/p>\n<p>Relais 1 : Ancien P\u00e9age route du Puy de D\u00f4me\u00a0 (61 kms), 2070D+<\/p>\n<ul>\n<li>Relais 2\u00a0: : Ravito P\u00e9age du Puy de D\u00f4me \u00e0 Arriv\u00e9e 50km<\/li>\n<\/ul>\n<p>&nbsp;<\/p>\n<p><strong><u>Formule relais trio :\u00a0<\/u><\/strong><\/p>\n<p>Relais 1 : Sommet du Puy de D\u00f4me (28 kms)<\/p>\n<p>Relais 2\u00a0: Maison de site du Puy de D\u00f4me \u00e0 ancien P\u00e9age du Puy de D\u00f4me \u00a0(33km).<\/p>\n<p>Relais 3\u00a0: Ancien p\u00e9age du Puy de D\u00f4me \u00e0 Arriv\u00e9e (50km)<\/p>\n<p><strong>Tarif solo : 85 \u20ac \u2013 Tarif duo : 45 \u20ac \u2013 Tarif trio : 35 \u20ac<\/strong><\/p>\n<p>Les tarifs d\u2019inscription au trail\u00a0<strong>Exp\u00e9rience Cha\u00eene des Puys<\/strong>\u00a0comprennent :<br \/>\n\u2013 un sac cadeau de bienvenue<br \/>\n\u2013 les ravitaillements sur la course et \u00e0 l\u2019arriv\u00e9e<br \/>\n\u2013 le chronom\u00e9trage \u00e9lectronique<br \/>\n\u2013 le repas de fin de\u00a0 course<br \/>\n\u2013 un lot finisher<br \/>\n\u2013 une place de concert<br \/>\n\u2013 l\u2019acc\u00e8s gratuit et illimit\u00e9 \u00e0 toutes les activit\u00e9s d\u2019initiations sportives<\/p>\n<p><strong>Remise des prix : Vendredi 31 mai de 16h00 \u00e0 16h30<\/strong>[\/vc_column_text][vc_empty_space height=&#8221;50px&#8221;][vc_raw_html]JTNDaWZyYW1lJTIwc3JjJTNEJTIyaHR0cHMlM0ElMkYlMkZheXZyaS5jb20lMkZlbWJlZCUyRmU5azRkNzE0a28lMkZjam03czNpbnIwMDAxM2E2MGE2cmZzM2swJTIyJTIwYWxsb3dmdWxsc2NyZWVuJTIwc3R5bGUlM0QlMjJ3aWR0aCUzQTEwMCUyNSUzQmhlaWdodCUzQTYwMHB4JTNCJTIyJTNFJTNDJTJGaWZyYW1lJTNF[\/vc_raw_html][vc_single_image image=&#8221;75&#8243; img_size=&#8221;full&#8221; alignment=&#8221;center&#8221;][vc_raw_html]JTNDaWZyYW1lJTIwc3JjJTNEJTIyaHR0cHMlM0ElMkYlMkZ3d3cuZ29vZ2xlLmNvbSUyRm1hcHMlMkZkJTJGdSUyRjMlMkZlbWJlZCUzRm1pZCUzRDE3U0Y4VFRaUWo0YVNZSC04bUJscG94dE1nck82VVdnZiUyMiUyMHN0eWxlJTNEJTIyd2lkdGglM0ExMDAlMjUlM0JoZWlnaHQlM0E2MDBweCUzQiUyMiUzRSUzQyUyRmlmcmFtZSUzRQ==[\/vc_raw_html][vc_single_image image=&#8221;117&#8243; img_size=&#8221;full&#8221; alignment=&#8221;center&#8221; onclick=&#8221;custom_link&#8221; link=&#8221;https:\/\/www.volvic-vvx.com\/&#8221;][\/vc_column_inner][vc_column_inner width=&#8221;1\/6&#8243;][\/vc_column_inner][\/vc_row_inner][vc_empty_space height=&#8221;100px&#8221;][vc_row_inner css=&#8221;.vc_custom_1536917153449{background-color: rgba(12,12,12,0.43) !important;*background-color: rgb(12,12,12) !important;}&#8221;][vc_column_inner]<div id=\"ultimate-heading-85256a049f7f1efd6\" class=\"uvc-heading ult-adjust-bottom-margin ultimate-heading-85256a049f7f1efd6 uvc-2802 \" data-hspacer=\"line_only\"  data-halign=\"center\" style=\"text-align:center\"><div class=\"uvc-main-heading ult-responsive\"  data-ultimate-target='.uvc-heading.ultimate-heading-85256a049f7f1efd6 h2'  data-responsive-json-new='{\"font-size\":\"\",\"line-height\":\"\"}' ><h2 style=\"font-weight:bold;color:#ffffff;\">PARTENAIRES<\/h2><\/div><div class=\"uvc-heading-spacer line_only\" style=\"topheight:3px;\"><span class=\"uvc-headings-line\" style=\"border-style:solid;border-bottom-width:3px;border-color:#dd9933;width:50px;\"><\/span><\/div><\/div>[vc_empty_space height=&#8221;20px&#8221;]<div id=\"ult-carousel-9717801866a049f7f1f127\" class=\"ult-carousel-wrapper  carroussel-partenaires ult_horizontal\" data-gutter=\"15\" data-rtl=\"false\" ><div class=\"ult-carousel-13082050026a049f7f1f037 \" >[vc_single_image image=&#8221;101&#8243; img_size=&#8221;full&#8221; alignment=&#8221;center&#8221; onclick=&#8221;custom_link&#8221; link=&#8221;https:\/\/www.volvic.fr\/&#8221;][vc_single_image image=&#8221;105&#8243; img_size=&#8221;full&#8221; alignment=&#8221;center&#8221; onclick=&#8221;custom_link&#8221; link=&#8221;http:\/\/www.parcdesvolcans.fr\/&#8221;][vc_single_image image=&#8221;103&#8243; img_size=&#8221;full&#8221; alignment=&#8221;center&#8221; onclick=&#8221;custom_link&#8221; link=&#8221;https:\/\/www.ville-volvic.fr\/&#8221;][vc_single_image image=&#8221;106&#8243; img_size=&#8221;full&#8221; alignment=&#8221;center&#8221; onclick=&#8221;custom_link&#8221; link=&#8221;http:\/\/www.echalier.com\/www\/&#8221;][vc_single_image image=&#8221;108&#8243; img_size=&#8221;full&#8221; alignment=&#8221;center&#8221; onclick=&#8221;custom_link&#8221; link=&#8221;http:\/\/ateliercourtadon.com\/&#8221;]<\/div><\/div>            <script type=\"text\/javascript\">\n\t\t\t\tjQuery(document).ready(function($){\n               \t\t$('.ult-carousel-13082050026a049f7f1f037').slick({dots: true,autoplay: true,autoplaySpeed: 5000,speed: 300,infinite: true,arrows: false,slidesToScroll:5,slidesToShow:5,swipe: true,draggable: true,touchMove: true,responsive: [\n\t\t\t\t\t\t\t{\n\t\t\t\t\t\t\t  breakpoint: 1025,\n\t\t\t\t\t\t\t  settings: {\n\t\t\t\t\t\t\t\tslidesToShow: 5,\n\t\t\t\t\t\t\t\tslidesToScroll: 5,  \n\t\t\t\t\t\t\t  }\n\t\t\t\t\t\t\t},\n\t\t\t\t\t\t\t{\n\t\t\t\t\t\t\t  breakpoint: 769,\n\t\t\t\t\t\t\t  settings: {\n\t\t\t\t\t\t\t\tslidesToShow: 3,\n\t\t\t\t\t\t\t\tslidesToScroll: 3\n\t\t\t\t\t\t\t  }\n\t\t\t\t\t\t\t},\n\t\t\t\t\t\t\t{\n\t\t\t\t\t\t\t  breakpoint: 481,\n\t\t\t\t\t\t\t  settings: {\n\t\t\t\t\t\t\t\tslidesToShow: 2,\n\t\t\t\t\t\t\t\tslidesToScroll: 2\n\t\t\t\t\t\t\t  }\n\t\t\t\t\t\t\t}\n\t\t\t\t\t\t],pauseOnHover: true,\n\t\t\t\t\t\tpauseOnDotsHover: true,customPaging: function(slider, i) {\n                   return '<i type=\"button\" style=\"color:#dd9933;\" class=\"ultsl-record\" data-role=\"none\"><\/i>';\n                },});\n\t\t\t\t});\n\t\t\t<\/script>\n            [\/vc_column_inner][\/vc_row_inner][\/vc_column][\/vc_row]<\/p>\n","protected":false},"excerpt":{"rendered":"<p>[vc_row bg_type=&#8221;image&#8221; parallax_style=&#8221;vcpb-default&#8221; bg_image_new=&#8221;id^138|url^http:\/\/sportips.fr\/presentation-course\/wp-content\/uploads\/2018\/09\/aperc\u0327u-visuelseulpanoramique.jpg|caption^null|alt^null|title^aperc\u0327u-visuelseulpanoramique|description^null&#8221; bg_image_repeat=&#8221;no-repeat&#8221; bg_override=&#8221;full&#8221; el_class=&#8221;section-header&#8221;][vc_column][vc_empty_space height=&#8221;50px&#8221;][vc_row_inner el_id=&#8221;row-liens-distances&#8221;][vc_column_inner width=&#8221;1\/6&#8243;][\/vc_column_inner][vc_column_inner width=&#8221;1\/6&#8243;][vc_btn title=&#8221;110 KM &#8221; style=&#8221;flat&#8221; color=&#8221;green&#8221; size=&#8221;lg&#8221; align=&#8221;center&#8221; i_align=&#8221;right&#8221; i_icon_fontawesome=&#8221;fa fa-play&#8221; add_icon=&#8221;true&#8221; button_block=&#8221;true&#8221;][\/vc_column_inner][vc_column_inner width=&#8221;1\/6&#8243;][vc_btn title=&#8221;43 KM &#8221; style=&#8221;classic&#8221; color=&#8221;chino&#8221; size=&#8221;lg&#8221; align=&#8221;center&#8221; i_align=&#8221;right&#8221; i_icon_fontawesome=&#8221;fa fa-play&#8221; add_icon=&#8221;true&#8221; button_block=&#8221;true&#8221;][\/vc_column_inner][vc_column_inner width=&#8221;1\/6&#8243;][vc_btn title=&#8221;25 KM &#8221; style=&#8221;classic&#8221; color=&#8221;chino&#8221; size=&#8221;lg&#8221; align=&#8221;center&#8221; i_align=&#8221;right&#8221; i_icon_fontawesome=&#8221;fa fa-play&#8221; add_icon=&#8221;true&#8221; button_block=&#8221;true&#8221;][\/vc_column_inner][vc_column_inner width=&#8221;1\/6&#8243;][vc_btn title=&#8221;15 KM &#8221; style=&#8221;classic&#8221; color=&#8221;chino&#8221;&hellip;<\/p>\n","protected":false},"author":1,"featured_media":0,"parent":0,"menu_order":0,"comment_status":"closed","ping_status":"closed","template":"template-microsite.php","meta":[],"_links":{"self":[{"href":"https:\/\/sportips.fr\/presentation-course\/wp-json\/wp\/v2\/pages\/1061"}],"collection":[{"href":"https:\/\/sportips.fr\/presentation-course\/wp-json\/wp\/v2\/pages"}],"about":[{"href":"https:\/\/sportips.fr\/presentation-course\/wp-json\/wp\/v2\/types\/page"}],"author":[{"embeddable":true,"href":"https:\/\/sportips.fr\/presentation-course\/wp-json\/wp\/v2\/users\/1"}],"replies":[{"embeddable":true,"href":"https:\/\/sportips.fr\/presentation-course\/wp-json\/wp\/v2\/comments?post=1061"}],"version-history":[{"count":3,"href":"https:\/\/sportips.fr\/presentation-course\/wp-json\/wp\/v2\/pages\/1061\/revisions"}],"predecessor-version":[{"id":1074,"href":"https:\/\/sportips.fr\/presentation-course\/wp-json\/wp\/v2\/pages\/1061\/revisions\/1074"}],"wp:attachment":[{"href":"https:\/\/sportips.fr\/presentation-course\/wp-json\/wp\/v2\/media?parent=1061"}],"curies":[{"name":"wp","href":"https:\/\/api.w.org\/{rel}","templated":true}]}}