{"id":933,"date":"2020-10-09T13:17:26","date_gmt":"2020-10-09T11:17:26","guid":{"rendered":"https:\/\/sportips.fr\/presentation-course\/?page_id=933"},"modified":"2023-12-05T09:39:56","modified_gmt":"2023-12-05T08:39:56","slug":"frejus-urbain-trail","status":"publish","type":"page","link":"https:\/\/sportips.fr\/presentation-course\/frejus-urbain-trail\/","title":{"rendered":"Frejus Urban Trail"},"content":{"rendered":"<p>[vc_row bg_type=&#8221;image&#8221; parallax_style=&#8221;vcpb-default&#8221; bg_image_repeat=&#8221;no-repeat&#8221; bg_override=&#8221;full&#8221; el_class=&#8221;section-header&#8221;][vc_column]<div id=\"ultimate-heading-187969e78cb327a38\" class=\"uvc-heading ult-adjust-bottom-margin ultimate-heading-187969e78cb327a38 uvc-9364 \" data-hspacer=\"line_only\"  data-halign=\"center\" style=\"text-align:center\"><div class=\"uvc-main-heading ult-responsive\"  data-ultimate-target='.uvc-heading.ultimate-heading-187969e78cb327a38 h1'  data-responsive-json-new='{\"font-size\":\"\",\"line-height\":\"\"}' ><h1 style=\"font-weight:bold;color:#000000;\">FREJUS URBAN TRAIL<\/h1><\/div><div class=\"uvc-sub-heading ult-responsive\"  data-ultimate-target='.uvc-heading.ultimate-heading-187969e78cb327a38 .uvc-sub-heading '  data-responsive-json-new='{\"font-size\":\"\",\"line-height\":\"\"}'  style=\"font-weight:normal;\"><\/p>\n<h2 style=\"text-align: center;\">03 D\u00e9cembre 2023<\/h2>\n<p><\/div><div class=\"uvc-heading-spacer line_only\" style=\"topheight:4px;\"><span class=\"uvc-headings-line\" style=\"border-style:solid;border-bottom-width:4px;border-color:#dd9933;width:50px;\"><\/span><\/div><\/div>[vc_empty_space height=&#8221;50px&#8221;][vc_row_inner el_id=&#8221;row-liens-distances&#8221;][vc_column_inner width=&#8221;1\/3&#8243;][vc_btn title=&#8221;R\u00e9sultats 2023&#8243; style=&#8221;classic&#8221; color=&#8221;sandy-brown&#8221; size=&#8221;lg&#8221; align=&#8221;center&#8221; i_align=&#8221;right&#8221; i_icon_fontawesome=&#8221;&#8221; button_block=&#8221;true&#8221; add_icon=&#8221;true&#8221; link=&#8221;url:https%3A%2F%2Fsportips.fr%2FplateformeResultats%2F%23%2Fepreuve%3Fid%3D1422%26p%3DURBAN%2520TRAIL%25208%2520km%2520SOLO&#8221;][\/vc_column_inner][vc_column_inner width=&#8221;1\/3&#8243;][vc_btn title=&#8221;Photos 2023&#8243; style=&#8221;classic&#8221; color=&#8221;sandy-brown&#8221; size=&#8221;lg&#8221; align=&#8221;center&#8221; i_align=&#8221;right&#8221; i_icon_fontawesome=&#8221;&#8221; button_block=&#8221;true&#8221; add_icon=&#8221;true&#8221; link=&#8221;url:https%3A%2F%2Fsportips.fr%2Fgalerie%2FFUT23&#8243;][\/vc_column_inner][vc_column_inner width=&#8221;1\/3&#8243;][vc_btn title=&#8221;Autres photos&#8221; style=&#8221;classic&#8221; color=&#8221;sandy-brown&#8221; size=&#8221;lg&#8221; align=&#8221;center&#8221; i_align=&#8221;right&#8221; i_icon_fontawesome=&#8221;&#8221; button_block=&#8221;true&#8221; add_icon=&#8221;true&#8221; link=&#8221;url:https%3A%2F%2Fmyalbum.com%2Ffolder%2FZ7eHp5BUcKzj%2F&#8221;][\/vc_column_inner][\/vc_row_inner][vc_empty_space height=&#8221;50px&#8221;][vc_row_inner][vc_column_inner width=&#8221;1\/4&#8243;][vc_btn title=&#8221;15 KM&#8221; style=&#8221;classic&#8221; color=&#8221;primary&#8221; size=&#8221;lg&#8221; align=&#8221;center&#8221; button_block=&#8221;true&#8221; link=&#8221;url:https%3A%2F%2Fsportips.fr%2Fpresentation-course%2Ffrejus-urban-trail-parcours%2F|||&#8221;][\/vc_column_inner][vc_column_inner width=&#8221;1\/4&#8243;][vc_btn title=&#8221;8 KM&#8221; style=&#8221;classic&#8221; color=&#8221;primary&#8221; size=&#8221;lg&#8221; align=&#8221;center&#8221; i_align=&#8221;right&#8221; i_icon_fontawesome=&#8221;&#8221; button_block=&#8221;true&#8221; add_icon=&#8221;true&#8221; link=&#8221;url:https%3A%2F%2Fsportips.fr%2Fpresentation-course%2Ffrejus-urban-trail-parcours%2F|||&#8221;][\/vc_column_inner][vc_column_inner width=&#8221;1\/4&#8243;][vc_btn title=&#8221;4 KM&#8221; style=&#8221;classic&#8221; color=&#8221;primary&#8221; size=&#8221;lg&#8221; align=&#8221;center&#8221; i_align=&#8221;right&#8221; i_icon_fontawesome=&#8221;&#8221; button_block=&#8221;true&#8221; add_icon=&#8221;true&#8221; link=&#8221;url:https%3A%2F%2Fsportips.fr%2Fpresentation-course%2Ffrejus-urban-trail-parcours%2F|||&#8221;][\/vc_column_inner][vc_column_inner width=&#8221;1\/4&#8243;][vc_btn title=&#8221;Kids&#8221; style=&#8221;classic&#8221; color=&#8221;primary&#8221; size=&#8221;lg&#8221; align=&#8221;center&#8221; button_block=&#8221;true&#8221;][\/vc_column_inner][\/vc_row_inner][vc_row_inner el_id=&#8221;row-liens-course&#8221;][vc_column_inner width=&#8221;1\/6&#8243;][\/vc_column_inner][vc_column_inner width=&#8221;1\/6&#8243;][vc_btn title=&#8221;R\u00e8glement&#8221; style=&#8221;classic&#8221; color=&#8221;primary&#8221; size=&#8221;lg&#8221; i_icon_fontawesome=&#8221;fas fa-registered&#8221; add_icon=&#8221;true&#8221; link=&#8221;url:https%3A%2F%2Fsportips.fr%2Fnm%2Fuploads%2F12%2Freglement%2Ffdc58157885fe9e31f1efc728d046bdc.pdf|title:R%C3%A8glement%20Frejus%20Urban%20Trail|target:_blank&#8221;][\/vc_column_inner][vc_column_inner width=&#8221;1\/6&#8243;][vc_btn title=&#8221;Facebook&#8221; style=&#8221;classic&#8221; color=&#8221;primary&#8221; size=&#8221;lg&#8221; align=&#8221;center&#8221; i_icon_fontawesome=&#8221;fab fa-facebook-square&#8221; add_icon=&#8221;true&#8221; link=&#8221;url:https%3A%2F%2Fwww.facebook.com%2FFr%25C3%25A9jus-Urban-Trail-110561444162741||target:%20_blank|&#8221;][\/vc_column_inner][vc_column_inner width=&#8221;1\/6&#8243;][vc_btn title=&#8221;Inscriptions&#8221; style=&#8221;classic&#8221; color=&#8221;primary&#8221; size=&#8221;lg&#8221; align=&#8221;center&#8221; i_icon_fontawesome=&#8221;fas fa-marker&#8221; add_icon=&#8221;true&#8221; link=&#8221;url:https%3A%2F%2Fsportips.fr%2Finscription%2FFUT23|target:_blank&#8221;][\/vc_column_inner][vc_column_inner width=&#8221;1\/6&#8243;][vc_raw_html]JTNDZGl2JTIwc3R5bGUlM0QlMjJkaXNwbGF5JTNBZmxleCUzQmZsZXgtZGlyZWN0aW9uJTNBcm93JTNCanVzdGlmeS1jb250ZW50JTNBY2VudGVyJTNCJTIyJTNFJTNDYnV0dG9uJTIwaWQlM0QlMjJtb2RhbF9iZW5ldm9sZXMlMjIlMjBjbGFzcyUzRCUyMnZjX2dlbmVyYWwlMjB2Y19idG4zJTIwdmNfYnRuMy1zaXplLWxnJTIwdmNfYnRuMy1zaGFwZS1zcXVhcmUlMjB2Y19idG4zLXN0eWxlLWNsYXNzaWMlMjB2Y19idG4zLWljb24tbGVmdCUyMHZjX2J0bjMtY29sb3ItcHJpbWFyeSUyMiUzRSUzQ2klMjBjbGFzcyUzRCUyMnZjX2J0bjMtaWNvbiUyMGZhciUyMGZhLWFkZHJlc3MtY2FyZCUyMiUzRSUzQyUyRmklM0UlMjBCJUMzJUE5biVDMyVBOXZvbGVzJTNDJTJGYnV0dG9uJTNFJTNDJTJGZGl2JTNF[\/vc_raw_html]<div id=\"modal-trg-txt-wrap-9312\" class=\"ult-modal-input-wrapper ult-adjust-bottom-margin  \"><script type=\"text\/javascript\">\n\t\t\t\t(function($){\n\t\t\t\t\t$(document).ready(function(){\n\t\t\t\t\t\tvar selector = \"#modal_benevoles\";\n\t\t\t\t\t\t$(selector).addClass(\"custom-ult-modal overlay-show\");\n\t\t\t\t\t\t$(selector).attr(\"data-class-id\", \"content-69e78cb327af0\");\n\t\t\t\t\t\t$(selector).attr(\"data-overlay-class\", \"overlay-cornerbottomleft\");\n\t\t\t\t\t});\n\t\t\t\t})(jQuery);\n\t\t\t\t<\/script><\/div>\n<div class=\"ult-overlay content-69e78cb327af0 \" data-class=\"content-69e78cb327af0\" id=\"button-click-overlay\" style=\"background:rgba(51,51,51,0.8); display:none;\">\n\t<div class=\"ult_modal ult-fade ult-small\">\n\t\t<div id=\"ult-modal-wrap-1610\" class=\"ult_modal-content ult-hide\" style=\"border-style:solid;border-width:2px;border-radius:0px;border-color:#333333;\">\n\t\t\t<div class=\"ult_modal-header\" style=\"color:#333333;border-color:#333333;\">\n\t\t\t\t<div class=\"modal-icon\"><i class=\"Defaults-group\"><\/i><\/div><h3  data-ultimate-target='#ult-modal-wrap-1610 .ult_modal-title'  data-responsive-json-new='{\"font-size\":\"\",\"line-height\":\"\"}'  class=\"ult_modal-title ult-responsive\">Devenir B\u00e9n\u00e9vole<\/h3>\n\t\t\t<\/div>\n\t\t\t<div  data-ultimate-target='#ult-modal-wrap-1610 .ult_modal-body'  data-responsive-json-new='{\"font-size\":\"\",\"line-height\":\"\"}'  class=\"ult_modal-body ult-responsive ult-html\" style=\"\">\n\t\t\t<\/p>\n<p style=\"text-align: center;\">Vous avez des comp\u00e9tences, des id\u00e9es, du temps libre\u2026 et envie de les mettre au service d\u2019une belle cause, d\u2019actions concr\u00e8tes, au sein d\u2019une \u00e9quipe engag\u00e9e ?<\/p>\n<p style=\"text-align: center;\">Alors vous pouvez rejoindre SPORTIPS et son groupe de b\u00e9n\u00e9voles ! Vous apporterez votre soutien lors d\u2019un de nos \u00e9v\u00e9nements, proche de chez vous, et on passera un excellent moment ensemble !!<\/p>\n<p style=\"text-align: center;\">Gr\u00e2ce \u00e0 notre \u00e9quipe, vous ferez bouger beaucoup de monde.<\/p>\n<p style=\"text-align: center;\">Plusieurs postes sont disponibles: Accueil des participants, Zone de d\u00e9parts et d\u2019arriv\u00e9es, balisage de parcours, Ravitos, r\u00e9compenses, logistique, serre-file\u2026..<\/p>\n<p style=\"text-align: center;\"><b>Contact<\/b>\u00a006 09 49 65 86\u00a0<a href=\"mailto:pogo866@aol.com\" target=\"_blank\" rel=\"noopener\">pogo866@aol.com<\/a><\/p>\n<p>\n\t\t\t<\/div>\n\t<\/div>\n\t<\/div>\n\t<div class=\"ult-overlay-close\">Close<\/div>\n<\/div>[\/vc_column_inner][vc_column_inner width=&#8221;1\/6&#8243;][\/vc_column_inner][\/vc_row_inner][\/vc_column][\/vc_row][vc_row full_width=&#8221;true&#8221; bg_type=&#8221;image&#8221; parallax_style=&#8221;vcpb-vz-jquery&#8221; bg_image_repeat=&#8221;no-repeat&#8221; bg_img_attach=&#8221;fixed&#8221; parallax_sense=&#8221;1.5&#8243; bg_override=&#8221;full&#8221;][vc_column][vc_btn title=&#8221;INFOS PRATIQUES&#8221; style=&#8221;classic&#8221; color=&#8221;orange&#8221; align=&#8221;center&#8221; i_align=&#8221;right&#8221; i_icon_fontawesome=&#8221;&#8221; add_icon=&#8221;true&#8221; link=&#8221;url:https%3A%2F%2Fsportips.fr%2Fpresentation-course%2Ffrejus-urbain-trail%2F|||&#8221;][vc_row_inner el_id=&#8221;row-content&#8221; css=&#8221;.vc_custom_1536917465263{background-color: rgba(255,255,255,0.01) !important;*background-color: rgb(255,255,255) !important;}&#8221;][vc_column_inner width=&#8221;1\/6&#8243;][\/vc_column_inner][vc_column_inner el_class=&#8221;block-content&#8221; width=&#8221;2\/3&#8243;][vc_single_image image=&#8221;1208&#8243; img_size=&#8221;600&#215;800&#8243; alignment=&#8221;center&#8221; style=&#8221;vc_box_rounded&#8221;][vc_empty_space height=&#8221;50px&#8221;][vc_video link=&#8221;https:\/\/www.youtube.com\/watch?v=uYkHOsWIg_A&#8221; align=&#8221;center&#8221;]<div id=\"ultimate-heading-46069e78cb327b6b\" class=\"uvc-heading ult-adjust-bottom-margin ultimate-heading-46069e78cb327b6b uvc-9230 \" data-hspacer=\"line_only\"  data-halign=\"left\" style=\"text-align:left\"><div class=\"uvc-main-heading ult-responsive\"  data-ultimate-target='.uvc-heading.ultimate-heading-46069e78cb327b6b h1'  data-responsive-json-new='{\"font-size\":\"desktop:20px;\",\"line-height\":\"\"}' ><h1 style=\"font-weight:bold;color:#0a0a0a;\">INFORMATIONS PRATIQUES<\/h1><\/div><div class=\"uvc-heading-spacer line_only\" style=\"margin-bottom:20px;height:3px;\"><span class=\"uvc-headings-line\" style=\"border-style:solid;border-bottom-width:3px;border-color:#dd9933;width:50px;\"><\/span><\/div><\/div>[vc_column_text]<strong><u>DATES :<\/u><\/strong> dimanche 03 d\u00e9cembre 2023<\/p>\n<p><strong><u>DISTANCES ET CHOIX DE COURSES<\/u> : <\/strong>4 distances sont propos\u00e9es :<\/p>\n<p>&#8211; 15 KM Course Chrono H et F (N\u00e9s en 2008 et avant) SOLO ou DUO<\/p>\n<p>&#8211; 8 KM Course Chrono H et F (N\u00e9s en 2008 et avant) SOLO ou DUO<\/p>\n<p>&#8211; 8 KM Marche sportive Chrono H et F (N\u00e9s en 2008 et avant)<\/p>\n<p>&#8211; 8 KM Rando non Chrono H et F (N\u00e9s en 2008 et avant)<\/p>\n<p>&#8211; 4 KM Handi Chrono H et F (N\u00e9s en 2008 et avant)<\/p>\n<p>&#8211; 4 KM Rando guid\u00e9e H et F (N\u00e9s en 2008 et avant)<\/p>\n<p>&#8211; 2 KM Urban Kids Chrono H et F (N\u00e9s entre 2011 et 2012)<\/p>\n<p>&#8211; 1 KM Urban Kids Chrono H et F (N\u00e9s entre 2013 et 2014)<\/p>\n<p>&#8211; 1 KM Urban Kids non Chrono H et F (N\u00e9s entre 2015 et 2017)<\/p>\n<p><strong><u>ACCUEIL DEPART et ARRIVEE <\/u>:<br \/>\n<\/strong>Ar\u00e8nes de Fr\u00e9jus (83)<\/p>\n<p><strong><u>PROGRAMME :<\/u><\/strong><br \/>\n8h00 ouverture du village d\u2019accueil<br \/>\n9h30 d\u00e9part des Trails 8 km et 15km et de la randonn\u00e9e 8km<br \/>\n9H50 d\u00e9part du Trail 4 km du parcours PMR et de la randonn\u00e9e guid\u00e9e<br \/>\n10h00 arriv\u00e9e des premiers concurrents du 8 km<br \/>\n10H05 arriv\u00e9e des premiers concurrents du 4 km<br \/>\n10h30 arriv\u00e9e des premiers concurrents du 15 km<br \/>\n11h00 remise des prix trail 4 km &#8211; 8km et PMR<br \/>\n11h30 arriv\u00e9e des derniers concurrents<br \/>\n11h40 d\u00e9part des Kid Trail 1km et 2 km<br \/>\n12h00 remise des prix du Trail 15 km et des Kid\u2019Trail<\/p>\n<p><strong>DROITS D\u2019INSCRIPTIONS :<br \/>\n<\/strong>Le Fr\u00e9jus Urban Trail \u00e9tant organis\u00e9 dans le cadre du T\u00e9l\u00e9thon 2023, le comit\u00e9 d\u2019organisation s\u2019engage \u00e0 reverser 1 \u20ac par inscription (sauf Kids).<\/p>\n<p>Tarifs :<br \/>\n<strong>15 km Course<\/strong><br \/>\n50 premiers dossards 15 \u20ac 100 dossards suivants 20 \u20ac Dossards suivants 25 \u20ac<br \/>\nInscription sur place 28 \u20ac<\/p>\n<p><strong>8 km Course &amp; 8 km Marche sportive Chrono &amp; 8 km Rando non chrono<\/strong><br \/>\n50 premiers dossards 10 \u20ac 100 dossards suivants 12 \u20ac Dossards suivants 15 \u20ac<br \/>\nInscription sur place 18 \u20ac<\/p>\n<p><strong>4 km Handi Chrono<\/strong><br \/>\n50 premiers dossards 5 \u20ac<\/p>\n<p><strong>Urban Kids<\/strong><br \/>\n100 premiers dossards 2 \u20ac<br \/>\nInscription sur place 2 \u20ac<\/p>\n<p><strong>4 km Rando Guid\u00e9e<\/strong><br \/>\n50 premiers dossards 10 \u20ac 100 dossards suivants 12 \u20ac Dossards suivants 15 \u20ac<br \/>\nInscription sur place 18 \u20ac[\/vc_column_text][vc_empty_space height=&#8221;50px&#8221;][vc_single_image image=&#8221;1212&#8243; img_size=&#8221;large&#8221; alignment=&#8221;center&#8221;][vc_empty_space height=&#8221;50px&#8221;][vc_btn title=&#8221;R\u00e8glement&#8221; style=&#8221;classic&#8221; shape=&#8221;square&#8221; color=&#8221;primary&#8221; size=&#8221;lg&#8221; align=&#8221;center&#8221; i_icon_fontawesome=&#8221;&#8221; add_icon=&#8221;true&#8221; link=&#8221;url:https%3A%2F%2Fsportips.fr%2Fnm%2Fuploads%2F12%2Freglement%2F95d2ea771cef4f4e9f1845ff1ee81fef.pdf|target:_blank&#8221;][vc_empty_space height=&#8221;50px&#8221;][vc_empty_space height=&#8221;50px&#8221;][\/vc_column_inner][vc_column_inner width=&#8221;1\/6&#8243;][\/vc_column_inner][\/vc_row_inner][vc_empty_space height=&#8221;100px&#8221;]<div id=\"ult-carousel-116495776969e78cb327cdd\" class=\"ult-carousel-wrapper   ult_horizontal\" data-gutter=\"15\" data-rtl=\"false\" ><div class=\"ult-carousel-19185601669e78cb327be3 \" >[vc_single_image image=&#8221;972&#8243; img_size=&#8221;full&#8221; onclick=&#8221;link_image&#8221;][vc_single_image image=&#8221;973&#8243; img_size=&#8221;full&#8221; onclick=&#8221;link_image&#8221;]<\/div><\/div>            <script type=\"text\/javascript\">\n\t\t\t\tjQuery(document).ready(function($){\n               \t\t$('.ult-carousel-19185601669e78cb327be3').slick({dots: false,autoplay: true,autoplaySpeed: 5000,speed: 300,infinite: true,arrows: false,slidesToScroll:3,slidesToShow:3,swipe: true,draggable: true,touchMove: true,responsive: [\n\t\t\t\t\t\t\t{\n\t\t\t\t\t\t\t  breakpoint: 1025,\n\t\t\t\t\t\t\t  settings: {\n\t\t\t\t\t\t\t\tslidesToShow: 3,\n\t\t\t\t\t\t\t\tslidesToScroll: 3,  \n\t\t\t\t\t\t\t  }\n\t\t\t\t\t\t\t},\n\t\t\t\t\t\t\t{\n\t\t\t\t\t\t\t  breakpoint: 769,\n\t\t\t\t\t\t\t  settings: {\n\t\t\t\t\t\t\t\tslidesToShow: 3,\n\t\t\t\t\t\t\t\tslidesToScroll: 3\n\t\t\t\t\t\t\t  }\n\t\t\t\t\t\t\t},\n\t\t\t\t\t\t\t{\n\t\t\t\t\t\t\t  breakpoint: 481,\n\t\t\t\t\t\t\t  settings: {\n\t\t\t\t\t\t\t\tslidesToShow: 2,\n\t\t\t\t\t\t\t\tslidesToScroll: 2\n\t\t\t\t\t\t\t  }\n\t\t\t\t\t\t\t}\n\t\t\t\t\t\t],pauseOnHover: true,\n\t\t\t\t\t\tpauseOnDotsHover: true,customPaging: function(slider, i) {\n                   return '<i type=\"button\" style=\"color:#333333;\" class=\"ultsl-record\" data-role=\"none\"><\/i>';\n                },});\n\t\t\t\t});\n\t\t\t<\/script>\n            [vc_empty_space height=&#8221;100px&#8221;][vc_row_inner css=&#8221;.vc_custom_1536917153449{background-color: rgba(12,12,12,0.43) !important;*background-color: rgb(12,12,12) !important;}&#8221;][vc_column_inner]<div id=\"ultimate-heading-856369e78cb327da0\" class=\"uvc-heading ult-adjust-bottom-margin ultimate-heading-856369e78cb327da0 uvc-9757 \" data-hspacer=\"line_only\"  data-halign=\"center\" style=\"text-align:center\"><div class=\"uvc-main-heading ult-responsive\"  data-ultimate-target='.uvc-heading.ultimate-heading-856369e78cb327da0 h2'  data-responsive-json-new='{\"font-size\":\"\",\"line-height\":\"\"}' ><h2 style=\"font-weight:bold;color:#ffffff;\">PARTENAIRES<\/h2><\/div><div class=\"uvc-heading-spacer line_only\" style=\"topheight:3px;\"><span class=\"uvc-headings-line\" style=\"border-style:solid;border-bottom-width:3px;border-color:#dd9933;width:50px;\"><\/span><\/div><\/div>[vc_empty_space height=&#8221;20px&#8221;]<div id=\"ult-carousel-161282299869e78cb327e4f\" class=\"ult-carousel-wrapper  carroussel-partenaires ult_horizontal\" data-gutter=\"15\" data-rtl=\"false\" ><div class=\"ult-carousel-102647007769e78cb327e02 \" >[vc_single_image image=&#8221;979&#8243; img_size=&#8221;full&#8221; alignment=&#8221;center&#8221; onclick=&#8221;custom_link&#8221; link=&#8221;https:\/\/www.ville-frejus.fr\/&#8221;][vc_single_image image=&#8221;981&#8243; img_size=&#8221;full&#8221; alignment=&#8221;center&#8221; onclick=&#8221;custom_link&#8221; link=&#8221;https:\/\/www.amslfrejus.com\/athletisme\/&#8221;][vc_single_image image=&#8221;994&#8243; img_size=&#8221;full&#8221; alignment=&#8221;center&#8221; onclick=&#8221;custom_link&#8221; link=&#8221;https:\/\/sportips.fr\/&#8221;][vc_single_image image=&#8221;980&#8243; img_size=&#8221;full&#8221; alignment=&#8221;center&#8221; onclick=&#8221;custom_link&#8221; link=&#8221;https:\/\/https:\/\/frejus.fr\/&#8221;]<\/div><\/div>            <script type=\"text\/javascript\">\n\t\t\t\tjQuery(document).ready(function($){\n               \t\t$('.ult-carousel-102647007769e78cb327e02').slick({dots: true,autoplay: true,autoplaySpeed: 5000,speed: 300,infinite: true,arrows: false,slidesToScroll:4,slidesToShow:4,swipe: true,draggable: true,touchMove: true,responsive: [\n\t\t\t\t\t\t\t{\n\t\t\t\t\t\t\t  breakpoint: 1025,\n\t\t\t\t\t\t\t  settings: {\n\t\t\t\t\t\t\t\tslidesToShow: 4,\n\t\t\t\t\t\t\t\tslidesToScroll: 4,  \n\t\t\t\t\t\t\t  }\n\t\t\t\t\t\t\t},\n\t\t\t\t\t\t\t{\n\t\t\t\t\t\t\t  breakpoint: 769,\n\t\t\t\t\t\t\t  settings: {\n\t\t\t\t\t\t\t\tslidesToShow: 3,\n\t\t\t\t\t\t\t\tslidesToScroll: 3\n\t\t\t\t\t\t\t  }\n\t\t\t\t\t\t\t},\n\t\t\t\t\t\t\t{\n\t\t\t\t\t\t\t  breakpoint: 481,\n\t\t\t\t\t\t\t  settings: {\n\t\t\t\t\t\t\t\tslidesToShow: 2,\n\t\t\t\t\t\t\t\tslidesToScroll: 2\n\t\t\t\t\t\t\t  }\n\t\t\t\t\t\t\t}\n\t\t\t\t\t\t],pauseOnHover: true,\n\t\t\t\t\t\tpauseOnDotsHover: true,customPaging: function(slider, i) {\n                   return '<i type=\"button\" style=\"color:#dd9933;\" class=\"ultsl-record\" data-role=\"none\"><\/i>';\n                },});\n\t\t\t\t});\n\t\t\t<\/script>\n            [\/vc_column_inner][\/vc_row_inner][\/vc_column][\/vc_row][vc_row][vc_column][\/vc_column][\/vc_row]<\/p>\n","protected":false},"excerpt":{"rendered":"<p>[vc_row bg_type=&#8221;image&#8221; parallax_style=&#8221;vcpb-default&#8221; bg_image_repeat=&#8221;no-repeat&#8221; bg_override=&#8221;full&#8221; el_class=&#8221;section-header&#8221;][vc_column][vc_empty_space height=&#8221;50px&#8221;][vc_row_inner el_id=&#8221;row-liens-distances&#8221;][vc_column_inner width=&#8221;1\/3&#8243;][vc_btn title=&#8221;R\u00e9sultats 2023&#8243; style=&#8221;classic&#8221; color=&#8221;sandy-brown&#8221; size=&#8221;lg&#8221; align=&#8221;center&#8221; i_align=&#8221;right&#8221; i_icon_fontawesome=&#8221;&#8221; button_block=&#8221;true&#8221; add_icon=&#8221;true&#8221; link=&#8221;url:https%3A%2F%2Fsportips.fr%2FplateformeResultats%2F%23%2Fepreuve%3Fid%3D1422%26p%3DURBAN%2520TRAIL%25208%2520km%2520SOLO&#8221;][\/vc_column_inner][vc_column_inner width=&#8221;1\/3&#8243;][vc_btn title=&#8221;Photos 2023&#8243; style=&#8221;classic&#8221; color=&#8221;sandy-brown&#8221; size=&#8221;lg&#8221; align=&#8221;center&#8221; i_align=&#8221;right&#8221; i_icon_fontawesome=&#8221;&#8221; button_block=&#8221;true&#8221; add_icon=&#8221;true&#8221; link=&#8221;url:https%3A%2F%2Fsportips.fr%2Fgalerie%2FFUT23&#8243;][\/vc_column_inner][vc_column_inner width=&#8221;1\/3&#8243;][vc_btn title=&#8221;Autres photos&#8221; style=&#8221;classic&#8221; color=&#8221;sandy-brown&#8221; size=&#8221;lg&#8221; align=&#8221;center&#8221; i_align=&#8221;right&#8221; i_icon_fontawesome=&#8221;&#8221; button_block=&#8221;true&#8221; add_icon=&#8221;true&#8221; link=&#8221;url:https%3A%2F%2Fmyalbum.com%2Ffolder%2FZ7eHp5BUcKzj%2F&#8221;][\/vc_column_inner][\/vc_row_inner][vc_empty_space height=&#8221;50px&#8221;][vc_row_inner][vc_column_inner width=&#8221;1\/4&#8243;][vc_btn title=&#8221;15 KM&#8221; style=&#8221;classic&#8221; color=&#8221;primary&#8221; size=&#8221;lg&#8221; align=&#8221;center&#8221; button_block=&#8221;true&#8221; link=&#8221;url:https%3A%2F%2Fsportips.fr%2Fpresentation-course%2Ffrejus-urban-trail-parcours%2F|||&#8221;][\/vc_column_inner][vc_column_inner width=&#8221;1\/4&#8243;][vc_btn&hellip;<\/p>\n","protected":false},"author":1,"featured_media":0,"parent":0,"menu_order":0,"comment_status":"closed","ping_status":"closed","template":"","meta":[],"_links":{"self":[{"href":"https:\/\/sportips.fr\/presentation-course\/wp-json\/wp\/v2\/pages\/933"}],"collection":[{"href":"https:\/\/sportips.fr\/presentation-course\/wp-json\/wp\/v2\/pages"}],"about":[{"href":"https:\/\/sportips.fr\/presentation-course\/wp-json\/wp\/v2\/types\/page"}],"author":[{"embeddable":true,"href":"https:\/\/sportips.fr\/presentation-course\/wp-json\/wp\/v2\/users\/1"}],"replies":[{"embeddable":true,"href":"https:\/\/sportips.fr\/presentation-course\/wp-json\/wp\/v2\/comments?post=933"}],"version-history":[{"count":92,"href":"https:\/\/sportips.fr\/presentation-course\/wp-json\/wp\/v2\/pages\/933\/revisions"}],"predecessor-version":[{"id":1221,"href":"https:\/\/sportips.fr\/presentation-course\/wp-json\/wp\/v2\/pages\/933\/revisions\/1221"}],"wp:attachment":[{"href":"https:\/\/sportips.fr\/presentation-course\/wp-json\/wp\/v2\/media?parent=933"}],"curies":[{"name":"wp","href":"https:\/\/api.w.org\/{rel}","templated":true}]}}